{"id":342,"date":"2016-09-30T09:34:23","date_gmt":"2016-09-30T09:34:23","guid":{"rendered":"http:\/\/localhost\/flash-new\/?page_id=4"},"modified":"2024-09-05T15:08:38","modified_gmt":"2024-09-05T18:08:38","slug":"home","status":"publish","type":"page","link":"https:\/\/festivaiscampobom.com.br\/","title":{"rendered":"Home"},"content":{"rendered":"<div id=\"pl-342\"  class=\"panel-layout\" ><div id=\"pg-342-0\"  class=\"panel-grid panel-has-style\" ><div class=\"siteorigin-panels-stretch panel-row-style panel-row-style-for-342-0\" id=\"inicio\" data-stretch-type=\"full-width-stretch\" ><div id=\"pgc-342-0-0\"  class=\"panel-grid-cell\" ><div id=\"panel-342-0-0-0\" class=\"so-panel widget widget_lsow-hero-image panel-first-child panel-last-child\" data-index=\"0\" ><div\n\t\t\t\n\t\t\tclass=\"so-widget-lsow-hero-image so-widget-lsow-hero-image-default-b456716a7523-342\"\n\t\t\t\n\t\t>\r\n\r\n<div class=\"lsow-hero-header lsow-section-bg-cover\" >\r\n\r\n    \r\n    <div class=\"lsow-background\">\r\n\r\n        \r\n            \r\n            \r\n                \r\n                    <div class=\"lsow-image-bg\"\r\n                         style=\"background-image: url(https:\/\/festivaiscampobom.com.br\/wp-content\/uploads\/2024\/09\/Bivaque-da-poesia-gaucha-pia_sitecapa-site.jpg);\"><\/div>\r\n\r\n                \r\n            \r\n        \r\n    <\/div><!-- .lsow-background -->\r\n\r\n    \r\n        <div class=\"lsow-overlay\" style=\"background-color: rgba(51, 51, 51, 0.3);\"><\/div>\r\n\r\n    \r\n    <div class=\"lsow-header-content\">\r\n\r\n        \r\n            <div class=\"lsow-standard-header\">\r\n\r\n                \r\n                \r\n                \r\n                    <a class=\"lsow-button lsow-trans\"\r\n                       href=\"https:\/\/festivaiscampobom.com.br\/inscricao\/bivaquepia_2024.php\"\r\n                        target=\"_blank\">INSCRI\u00c7\u00c3O<\/a>\r\n\r\n                \r\n            <\/div>\r\n\r\n        \r\n    <\/div>\r\n\r\n    \r\n<\/div><\/div><\/div><\/div><\/div><\/div><div id=\"pg-342-1\"  class=\"panel-grid panel-has-style\" ><div class=\"siteorigin-panels-stretch panel-row-style panel-row-style-for-342-1\" id=\"contato\" data-stretch-type=\"full\" ><div id=\"pgc-342-1-0\"  class=\"panel-grid-cell\" ><div id=\"panel-342-1-0-0\" class=\"so-panel widget widget_themegrill_flash_heading tg-widget section-title-wrapper panel-first-child panel-last-child\" data-index=\"1\" >\t<h3 class=\"section-title\">Contato<\/h3>\n<\/div><\/div><\/div><\/div><div id=\"pg-342-2\"  class=\"panel-grid panel-has-style\" ><div class=\"siteorigin-panels-stretch panel-row-style panel-row-style-for-342-2\" id=\"contact\" data-stretch-type=\"full\" ><div id=\"pgc-342-2-0\"  class=\"panel-grid-cell\" ><div id=\"panel-342-2-0-0\" class=\"so-panel widget widget_text panel-first-child panel-last-child\" data-index=\"2\" >\t\t\t<div class=\"textwidget\"><div class=\"everest-forms\"><div class=\"evf-container default\" id=\"evf-239\"><form id=\"evf-form-239\" class=\"everest-form\" data-formid=\"239\" data-ajax_submission=\"0\" data-keyboard_friendly_form=\"0\" method=\"post\" enctype=\"multipart\/form-data\" action=\"\/index.php\/wp-json\/wp\/v2\/pages\/342\"><div class=\"evf-field-container\"><input type=\"hidden\" id=\"_wpnonce239\" name=\"_wpnonce239\" value=\"74ffccaca9\" \/><input type=\"hidden\" name=\"_wp_http_referer\" value=\"\/index.php\/wp-json\/wp\/v2\/pages\/342\" \/><div class=\"evf-frontend-row\" data-row=\"row_1\" conditional_rules=\"[]\"><div class=\"evf-frontend-grid evf-grid-1\" data-grid=\"grid_1\"><div id=\"evf-239-field_name-container\" class=\"evf-field evf-field-text form-row validate-required\" data-required-field-message=\"This field is required.\" data-field-id=\"name\"><label class=\"evf-field-label\" for=\"evf-239-field_name\"><span class=\"evf-label\">Nome<\/span> <abbr class=\"required\" title=\"Required\">*<\/abbr><\/label><input type=\"text\" id=\"evf-239-field_name\" class=\"input-text\" name=\"everest_forms[form_fields][name]\" required><\/div><div id=\"evf-239-field_email-container\" class=\"evf-field evf-field-email form-row validate-required validate-email\" data-required-field-message=\"Please enter a valid email address.\" data-field-id=\"email\"><label class=\"evf-field-label\" for=\"evf-239-field_email\"><span class=\"evf-label\">E-mail<\/span> <abbr class=\"required\" title=\"Required\">*<\/abbr><\/label><input type=\"email\" id=\"evf-239-field_email\" class=\"input-text\" name=\"everest_forms[form_fields][email]\" required ><\/div><div id=\"evf-239-field_subject-container\" class=\"evf-field evf-field-text form-row validate-required\" data-required-field-message=\"This field is required.\" data-field-id=\"subject\"><label class=\"evf-field-label\" for=\"evf-239-field_subject\"><span class=\"evf-label\">T\u00edtulo<\/span> <abbr class=\"required\" title=\"Required\">*<\/abbr><\/label><input type=\"text\" id=\"evf-239-field_subject\" class=\"input-text\" name=\"everest_forms[form_fields][subject]\" required><\/div><div id=\"evf-239-field_message-container\" class=\"evf-field evf-field-textarea form-row\" data-field-id=\"message\"><label class=\"evf-field-label\" for=\"evf-239-field_message\"><span class=\"evf-label\">Mensagem<\/span> <\/label><textarea id=\"evf-239-field_message\" class=\"input-text\" name=\"everest_forms[form_fields][message]\"  ><\/textarea><\/div><\/div><\/div><\/div><div class=\"evf-honeypot-container evf-field-hp\"><label for=\"evf-239-field-hp\" class=\"evf-field-label\">Comment<\/label><input type=\"text\" name=\"everest_forms[hp]\" id=\"evf-239-field-hp\" class=\"input-text\"><\/div><div class=\"evf-submit-container \" ><input type=\"hidden\" name=\"everest_forms[id]\" value=\"239\"><input type=\"hidden\" name=\"everest_forms[author]\" value=\"1\"><button type='submit' name='everest_forms[submit]' class='everest-forms-submit-button button evf-submit ' id='evf-submit-239' value='evf-submit' data-process-text=\"Processing\u2026\" conditional_rules='&quot;&quot;' conditional_id='evf-submit-239'  id=\"evf-submit-239\" aria-live=\"assertive\">Enviar<\/button><\/div><\/form><\/div><!-- .evf-container --><\/div>\n<\/div>\n\t\t<\/div><\/div><\/div><\/div><\/div>","protected":false},"excerpt":{"rendered":"<p>INSCRI\u00c7\u00c3O Contato Nome *E-mail *T\u00edtulo *Mensagem CommentEnviar<\/p>\n","protected":false},"author":1,"featured_media":0,"parent":0,"menu_order":0,"comment_status":"closed","ping_status":"closed","template":"page-templates\/pagebuilder.php","meta":{"footnotes":""},"class_list":["post-342","page","type-page","status-publish","hentry"],"_links":{"self":[{"href":"https:\/\/festivaiscampobom.com.br\/index.php\/wp-json\/wp\/v2\/pages\/342","targetHints":{"allow":["GET"]}}],"collection":[{"href":"https:\/\/festivaiscampobom.com.br\/index.php\/wp-json\/wp\/v2\/pages"}],"about":[{"href":"https:\/\/festivaiscampobom.com.br\/index.php\/wp-json\/wp\/v2\/types\/page"}],"author":[{"embeddable":true,"href":"https:\/\/festivaiscampobom.com.br\/index.php\/wp-json\/wp\/v2\/users\/1"}],"replies":[{"embeddable":true,"href":"https:\/\/festivaiscampobom.com.br\/index.php\/wp-json\/wp\/v2\/comments?post=342"}],"version-history":[{"count":138,"href":"https:\/\/festivaiscampobom.com.br\/index.php\/wp-json\/wp\/v2\/pages\/342\/revisions"}],"predecessor-version":[{"id":864,"href":"https:\/\/festivaiscampobom.com.br\/index.php\/wp-json\/wp\/v2\/pages\/342\/revisions\/864"}],"wp:attachment":[{"href":"https:\/\/festivaiscampobom.com.br\/index.php\/wp-json\/wp\/v2\/media?parent=342"}],"curies":[{"name":"wp","href":"https:\/\/api.w.org\/{rel}","templated":true}]}}